{"id":70,"date":"2019-01-07T20:06:48","date_gmt":"2019-01-07T19:06:48","guid":{"rendered":"https:\/\/radca-jwyr.nazwa.pl\/wordpress\/wpn_radca-jwyr\/?page_id=70"},"modified":"2019-03-18T18:29:37","modified_gmt":"2019-03-18T17:29:37","slug":"oddluzanie","status":"publish","type":"page","link":"https:\/\/radca.opole.pl\/index.php\/oddluzanie\/","title":{"rendered":"Odd\u0142u\u017canie"},"content":{"rendered":"\n<div class=\"wp-block-image\"><figure class=\"alignright is-resized\"><img loading=\"lazy\" decoding=\"async\" src=\"https:\/\/radca-jwyr.nazwa.pl\/wordpress\/wpn_radca-jwyr\/wp-content\/uploads\/2019\/01\/100-bank-notes-bills-2099-1024x752.jpg\" alt=\"\" class=\"wp-image-343\" width=\"318\" height=\"234\" srcset=\"https:\/\/radca.opole.pl\/wp-content\/uploads\/2019\/01\/100-bank-notes-bills-2099-1024x752.jpg 1024w, https:\/\/radca.opole.pl\/wp-content\/uploads\/2019\/01\/100-bank-notes-bills-2099-300x220.jpg 300w, https:\/\/radca.opole.pl\/wp-content\/uploads\/2019\/01\/100-bank-notes-bills-2099-768x564.jpg 768w\" sizes=\"auto, (max-width: 318px) 100vw, 318px\" \/><\/figure><\/div>\n\n\n\n<p class=\"has-drop-cap has-medium-font-size\">Kancelaria\nzajmuje si\u0119 kompleksowym odd\u0142u\u017caniem w Opolu i okolicach. Kancelaria oferuje kompleksowe\nwsparcie os\u00f3b fizycznych, nieb\u0119d\u0105cych przedsi\u0119biorcami w procesie zmierzaj\u0105cym do\nog\u0142oszenia upad\u0142o\u015bci konsumenckiej. <strong>Jeste\u015b\nosob\u0105 zad\u0142u\u017con\u0105 pomo\u017cemy Ci odd\u0142u\u017cy\u0107 si\u0119 poprzez poprowadzenie ca\u0142ego procesu\nzwi\u0105zanego z og\u0142oszeniem upad\u0142o\u015bci konsumenckiej w Opolu i okolicach. <\/strong><\/p>\n\n\n\n<p class=\"has-medium-font-size\">Je\u017celi\nprowadzi\u0142e\u015b dzia\u0142alno\u015b\u0107 gospodarcz\u0105 i pozosta\u0142y niezap\u0142acone d\u0142ugi z\ndzia\u0142alno\u015bci gospodarczej pomo\u017cemy Ci odd\u0142u\u017cy\u0107 si\u0119 poprzez z\u0142o\u017cenie wniosku o\nog\u0142oszenie upad\u0142o\u015bci konsumenckiej.<\/p>\n\n\n\n<p class=\"has-medium-font-size\">Kancelaria\n\u015bwiadczy us\u0142ugi odd\u0142u\u017ceniowe w Opolu i okolicach dla os\u00f3b prowadz\u0105cych jednoosobow\u0105\ndzia\u0142alno\u015b\u0107 gospodarcz\u0105 oraz us\u0142ugi <strong>odd\u0142u\u017ceniowe\nsp\u00f3\u0142ek<\/strong>. Kancelaria zajmie si\u0119 poprowadzeniem sprawy o odd\u0142u\u017cenie firm od\noceny finansowej po sporz\u0105dzenie i poprowadzenie sprawy o og\u0142oszenie upad\u0142o\u015bci.\n<\/p>\n\n\n\n<p class=\"has-medium-font-size\">Wsparcie\nKancelarii obejmuje w szczeg\u00f3lno\u015bci:<\/p>\n\n\n\n<p class=\"has-medium-font-size\">&#8211; doradztwo prawne\nw zakresie istnienia przes\u0142anek formalnych do z\u0142o\u017cenia wniosku o og\u0142oszenie upad\u0142o\u015bci,<\/p>\n\n\n\n<p class=\"has-medium-font-size\">&#8211; ocen\u0119 przyczyn\npowstania zad\u0142u\u017cenia pod k\u0105tem mo\u017cliwo\u015bci z\u0142o\u017cenia wniosku;<\/p>\n\n\n\n<p class=\"has-medium-font-size\">-przygotowanie wniosku\no og\u0142oszenie upad\u0142o\u015bci wraz ze wszystkimi wymaganymi za\u0142\u0105cznikami;<\/p>\n\n\n\n<p class=\"has-medium-font-size\">&#8211; pomoc prawn\u0105 w kontaktach\nz s\u0119dzi\u0105-komisarzem, syndykiem i wierzycielami;<\/p>\n\n\n\n<p class=\"has-medium-font-size\">&#8211; zaskar\u017canie\npostanowie\u0144 s\u0119dziego-komisarza oraz czynno\u015bci syndyka;<\/p>\n\n\n\n<p class=\"has-medium-font-size\">&#8211; przygotowywanie wniosku o umorzenie zobowi\u0105za\u0144.<\/p>\n\n\n\n<p class=\"has-medium-font-size\">Kancelaria oferuje r\u00f3wnie\u017c wsparcie d\u0142u\u017cnika w trakcie ca\u0142ego post\u0119powania upad\u0142o\u015bciowego obejmuje reprezentacj\u0119 przed s\u0105dem, syndykiem i wierzycielami. <\/p>\n","protected":false},"excerpt":{"rendered":"<p>Kancelaria zajmuje si\u0119 kompleksowym odd\u0142u\u017caniem w Opolu i okolicach. Kancelaria oferuje kompleksowe wsparcie os\u00f3b fizycznych, nieb\u0119d\u0105cych przedsi\u0119biorcami w procesie zmierzaj\u0105cym [&hellip;]<\/p>\n","protected":false},"author":1,"featured_media":0,"parent":0,"menu_order":0,"comment_status":"closed","ping_status":"closed","template":"","meta":{"footnotes":""},"class_list":["post-70","page","type-page","status-publish","hentry"],"_links":{"self":[{"href":"https:\/\/radca.opole.pl\/index.php\/wp-json\/wp\/v2\/pages\/70","targetHints":{"allow":["GET"]}}],"collection":[{"href":"https:\/\/radca.opole.pl\/index.php\/wp-json\/wp\/v2\/pages"}],"about":[{"href":"https:\/\/radca.opole.pl\/index.php\/wp-json\/wp\/v2\/types\/page"}],"author":[{"embeddable":true,"href":"https:\/\/radca.opole.pl\/index.php\/wp-json\/wp\/v2\/users\/1"}],"replies":[{"embeddable":true,"href":"https:\/\/radca.opole.pl\/index.php\/wp-json\/wp\/v2\/comments?post=70"}],"version-history":[{"count":10,"href":"https:\/\/radca.opole.pl\/index.php\/wp-json\/wp\/v2\/pages\/70\/revisions"}],"predecessor-version":[{"id":745,"href":"https:\/\/radca.opole.pl\/index.php\/wp-json\/wp\/v2\/pages\/70\/revisions\/745"}],"wp:attachment":[{"href":"https:\/\/radca.opole.pl\/index.php\/wp-json\/wp\/v2\/media?parent=70"}],"curies":[{"name":"wp","href":"https:\/\/api.w.org\/{rel}","templated":true}]}}