{"id":63,"date":"2019-01-07T19:59:03","date_gmt":"2019-01-07T18:59:03","guid":{"rendered":"https:\/\/radca-jwyr.nazwa.pl\/wordpress\/wpn_radca-jwyr\/?page_id=63"},"modified":"2019-03-18T18:15:31","modified_gmt":"2019-03-18T17:15:31","slug":"obsluga-prawna-przedsiebiorcow","status":"publish","type":"page","link":"https:\/\/radca.opole.pl\/index.php\/obsluga-prawna-przedsiebiorcow\/","title":{"rendered":"Przedsi\u0119biorcy"},"content":{"rendered":"\n<div class=\"wp-block-image\"><figure class=\"aligncenter is-resized\"><img loading=\"lazy\" decoding=\"async\" src=\"https:\/\/radca-jwyr.nazwa.pl\/wordpress\/wpn_radca-jwyr\/wp-content\/uploads\/2019\/01\/rawpixel-649916-unsplash-1024x817.jpg\" alt=\"\" class=\"wp-image-127\" width=\"512\" height=\"409\"\/><\/figure><\/div>\n\n\n\n<p class=\"has-medium-font-size\">W ramach obs\u0142ugi\nprawnej klient\u00f3w biznesowych Kancelaria Radcy Prawnego Opole \u015bwiadczy nast\u0119puj\u0105ce\nus\u0142ugi:<\/p>\n\n\n\n<p class=\"has-medium-font-size\">&#8211; udzielanie porad prawnych<\/p>\n\n\n\n<p class=\"has-medium-font-size\">&#8211; sta\u0142\u0105 obs\u0142ug\u0119 prawn\u0105 dla firm, <\/p>\n\n\n\n<p class=\"has-medium-font-size\">&#8211; rejestracja sp\u00f3\u0142ek prawa handlowego w Krajowym Rejestrze S\u0105dowym,<\/p>\n\n\n\n<p class=\"has-medium-font-size\">&#8211; pomoc w rozpocz\u0119ciu dzia\u0142alno\u015bci gospodarczej,<\/p>\n\n\n\n<p class=\"has-medium-font-size\">&#8211; pomoc w zak\u0142adaniu dzia\u0142alno\u015bci gospodarczej i rejestracji sp\u00f3\u0142ek      przez obywateli pa\u0144stw trzecich,<\/p>\n\n\n\n<p class=\"has-medium-font-size\">&#8211; windykacj\u0119 nale\u017cno\u015bci, <\/p>\n\n\n\n<p class=\"has-medium-font-size\">&#8211; prowadzenie spraw s\u0105dowych,<\/p>\n\n\n\n<p class=\"has-medium-font-size\">&#8211; zast\u0119pstwo procesowe przed s\u0105dem w tym w sporach pracowniczych,<\/p>\n\n\n\n<p class=\"has-medium-font-size\">&#8211; sporz\u0105dzanie i opiniowanie projekt\u00f3w um\u00f3w.<\/p>\n","protected":false},"excerpt":{"rendered":"<p>W ramach obs\u0142ugi prawnej klient\u00f3w biznesowych Kancelaria Radcy Prawnego Opole \u015bwiadczy nast\u0119puj\u0105ce us\u0142ugi: &#8211; udzielanie porad prawnych &#8211; sta\u0142\u0105 obs\u0142ug\u0119 [&hellip;]<\/p>\n","protected":false},"author":1,"featured_media":0,"parent":0,"menu_order":0,"comment_status":"closed","ping_status":"closed","template":"","meta":{"footnotes":""},"class_list":["post-63","page","type-page","status-publish","hentry"],"_links":{"self":[{"href":"https:\/\/radca.opole.pl\/index.php\/wp-json\/wp\/v2\/pages\/63","targetHints":{"allow":["GET"]}}],"collection":[{"href":"https:\/\/radca.opole.pl\/index.php\/wp-json\/wp\/v2\/pages"}],"about":[{"href":"https:\/\/radca.opole.pl\/index.php\/wp-json\/wp\/v2\/types\/page"}],"author":[{"embeddable":true,"href":"https:\/\/radca.opole.pl\/index.php\/wp-json\/wp\/v2\/users\/1"}],"replies":[{"embeddable":true,"href":"https:\/\/radca.opole.pl\/index.php\/wp-json\/wp\/v2\/comments?post=63"}],"version-history":[{"count":18,"href":"https:\/\/radca.opole.pl\/index.php\/wp-json\/wp\/v2\/pages\/63\/revisions"}],"predecessor-version":[{"id":758,"href":"https:\/\/radca.opole.pl\/index.php\/wp-json\/wp\/v2\/pages\/63\/revisions\/758"}],"wp:attachment":[{"href":"https:\/\/radca.opole.pl\/index.php\/wp-json\/wp\/v2\/media?parent=63"}],"curies":[{"name":"wp","href":"https:\/\/api.w.org\/{rel}","templated":true}]}}