{"id":333,"date":"2019-01-10T20:41:31","date_gmt":"2019-01-10T19:41:31","guid":{"rendered":"https:\/\/radca-jwyr.nazwa.pl\/wordpress\/wpn_radca-jwyr\/?page_id=333"},"modified":"2019-03-18T18:12:08","modified_gmt":"2019-03-18T17:12:08","slug":"restrukturyzacja","status":"publish","type":"page","link":"https:\/\/radca.opole.pl\/index.php\/restrukturyzacja\/","title":{"rendered":"Restrukturyzacja"},"content":{"rendered":"\n<figure class=\"wp-block-image\"><img loading=\"lazy\" decoding=\"async\" width=\"1024\" height=\"741\" src=\"https:\/\/radca-jwyr.nazwa.pl\/wordpress\/wpn_radca-jwyr\/wp-content\/uploads\/2019\/01\/rawpixel-703120-unsplash-1024x741.jpg\" alt=\"\" class=\"wp-image-128\" srcset=\"https:\/\/radca.opole.pl\/wp-content\/uploads\/2019\/01\/rawpixel-703120-unsplash-1024x741.jpg 1024w, https:\/\/radca.opole.pl\/wp-content\/uploads\/2019\/01\/rawpixel-703120-unsplash-300x217.jpg 300w, https:\/\/radca.opole.pl\/wp-content\/uploads\/2019\/01\/rawpixel-703120-unsplash-768x556.jpg 768w\" sizes=\"auto, (max-width: 1024px) 100vw, 1024px\" \/><\/figure>\n\n\n\n<p class=\"has-drop-cap has-medium-font-size\">Szans\u0105 na&nbsp;przywr\u00f3cenie d\u0142u\u017cnikowi zdolno\u015bci do&nbsp;wykonywania zobowi\u0105za\u0144, przy jednoczesnej ochronie przed&nbsp;egzekucj\u0105 s\u0105 post\u0119powania restrukturyzacyjne. Niewyp\u0142acalno\u015b\u0107 sp\u00f3\u0142ki nie musi prowadzi od razu do upad\u0142o\u015bci. <\/p>\n\n\n\n<p class=\"has-medium-font-size\">Przedsi\u0119biorc\u00f3w przed upad\u0142o\u015bci\u0105 maj\u0105\nratowa\u0107 cztery procedury restrukturyzacyjne:<\/p>\n\n\n\n<p class=\"has-medium-font-size\">&#8211; post\u0119powanie o zatwierdzenie uk\u0142adu\n<\/p>\n\n\n\n<p class=\"has-medium-font-size\">&#8211; przyspieszone post\u0119powanie uk\u0142adowe\n<\/p>\n\n\n\n<p class=\"has-medium-font-size\">&#8211; post\u0119powanie uk\u0142adowe <\/p>\n\n\n\n<p class=\"has-medium-font-size\">&#8211; post\u0119powanie sanacyjne<\/p>\n\n\n\n<p class=\"has-medium-font-size\">W ramach prowadzonej\ndzia\u0142alno\u015bci Kancelaria oferuje:<\/p>\n\n\n\n<p class=\"has-medium-font-size\">&#8211; reprezentowanie interes\u00f3w d\u0142u\u017cnik\u00f3w\noraz wierzycieli w post\u0119powaniach restrukturyzacyjnych,<\/p>\n\n\n\n<p class=\"has-medium-font-size\">&#8211; przygotowanie analizy prawno-ekonomicznej\nw zakresie obejmuj\u0105cym ustalenie istnienia przes\u0142anek otwarcia post\u0119powa\u0144\nrestrukturyzacyjnych, <\/p>\n\n\n\n<p class=\"has-medium-font-size\">&#8211; dob\u00f3r trybu restrukturyzacji\ndostosowanego do potrzeb d\u0142u\u017cnika przy uwzgl\u0119dnieniu jego sytuacji, <\/p>\n\n\n\n<p class=\"has-medium-font-size\">&#8211; sporz\u0105dzenie wniosk\u00f3w o\nzatwierdzenie uk\u0142adu zawartego w post\u0119powaniu o zatwierdzenie uk\u0142adu, <\/p>\n\n\n\n<p class=\"has-medium-font-size\">&#8211; sporz\u0105dzenie wniosk\u00f3w restrukturyzacyjnych\ndo S\u0105du o otwarcie: przyspieszonego post\u0119powania uk\u0142adowego, post\u0119powania\nuk\u0142adowego, post\u0119powania sanacyjnego.<\/p>\n\n\n\n<p class=\"has-medium-font-size\"><strong>Ponadto\njako licencjonowany doradca restrukturyzacyjny \u2013 licencja nr 856 Ministra\nSprawiedliwo\u015bci- pe\u0142ni\u0119 funkcj\u0119<\/strong>:<\/p>\n\n\n\n<p class=\"has-medium-font-size\">\u2022 nadzorcy\nuk\u0142adu w post\u0119powaniach restrukturyzacyjnych, <\/p>\n\n\n\n<p class=\"has-medium-font-size\">\u2022 nadzorcy\ns\u0105dowego w przyspieszonym post\u0119powaniu uk\u0142adowym oraz post\u0119powaniu uk\u0142adowym, <\/p>\n\n\n\n<p class=\"has-medium-font-size\">\u2022 zarz\u0105dcy w\npost\u0119powaniu sanacyjnym,<\/p>\n\n\n\n<p class=\"has-medium-font-size\">Korzy\u015bci jakie\ndaje otwarcie post\u0119powania restrukturyzacyjnego to:<\/p>\n\n\n\n<p class=\"has-medium-font-size\">\u2022 unikni\u0119cie\nupad\u0142o\u015bci przedsi\u0119biorcy, <\/p>\n\n\n\n<p class=\"has-medium-font-size\">\u2022 zawieszenie\negzekucji,<\/p>\n\n\n\n<p class=\"has-medium-font-size\">\u2022 zaspokojenie wierzycieli w wi\u0119kszym stopniu ni\u017c w wypadku og\u0142oszenia upad\u0142o\u015bci,  <\/p>\n\n\n\n<p class=\"has-medium-font-size\">\u2022 mo\u017cliwo\u015b\u0107 uwolnienia si\u0119 cz\u0142onka zarz\u0105du od odpowiedzialno\u015bci za d\u0142ugi sp\u00f3\u0142ki, je\u017celi we w\u0142a\u015bciwym czasie wydano postanowienie o otwarciu post\u0119powania restrukturyzacyjnego albo o zatwierdzeniu uk\u0142adu w post\u0119powaniu w przedmiocie zatwierdzenia uk\u0142adu (art. 299 Kodeksu Sp\u00f3\u0142ek Handlowych). <\/p>\n","protected":false},"excerpt":{"rendered":"<p>Szans\u0105 na&nbsp;przywr\u00f3cenie d\u0142u\u017cnikowi zdolno\u015bci do&nbsp;wykonywania zobowi\u0105za\u0144, przy jednoczesnej ochronie przed&nbsp;egzekucj\u0105 s\u0105 post\u0119powania restrukturyzacyjne. Niewyp\u0142acalno\u015b\u0107 sp\u00f3\u0142ki nie musi prowadzi od razu [&hellip;]<\/p>\n","protected":false},"author":1,"featured_media":0,"parent":0,"menu_order":0,"comment_status":"closed","ping_status":"closed","template":"","meta":{"footnotes":""},"class_list":["post-333","page","type-page","status-publish","hentry"],"_links":{"self":[{"href":"https:\/\/radca.opole.pl\/index.php\/wp-json\/wp\/v2\/pages\/333","targetHints":{"allow":["GET"]}}],"collection":[{"href":"https:\/\/radca.opole.pl\/index.php\/wp-json\/wp\/v2\/pages"}],"about":[{"href":"https:\/\/radca.opole.pl\/index.php\/wp-json\/wp\/v2\/types\/page"}],"author":[{"embeddable":true,"href":"https:\/\/radca.opole.pl\/index.php\/wp-json\/wp\/v2\/users\/1"}],"replies":[{"embeddable":true,"href":"https:\/\/radca.opole.pl\/index.php\/wp-json\/wp\/v2\/comments?post=333"}],"version-history":[{"count":6,"href":"https:\/\/radca.opole.pl\/index.php\/wp-json\/wp\/v2\/pages\/333\/revisions"}],"predecessor-version":[{"id":752,"href":"https:\/\/radca.opole.pl\/index.php\/wp-json\/wp\/v2\/pages\/333\/revisions\/752"}],"wp:attachment":[{"href":"https:\/\/radca.opole.pl\/index.php\/wp-json\/wp\/v2\/media?parent=333"}],"curies":[{"name":"wp","href":"https:\/\/api.w.org\/{rel}","templated":true}]}}