{"id":322,"date":"2019-01-10T20:32:05","date_gmt":"2019-01-10T19:32:05","guid":{"rendered":"https:\/\/radca-jwyr.nazwa.pl\/wordpress\/wpn_radca-jwyr\/?page_id=322"},"modified":"2019-03-18T18:32:20","modified_gmt":"2019-03-18T17:32:20","slug":"obsluga-spolek-prawa-handlowego","status":"publish","type":"page","link":"https:\/\/radca.opole.pl\/index.php\/obsluga-spolek-prawa-handlowego\/","title":{"rendered":"Obs\u0142uga sp\u00f3\u0142ek prawa handlowego"},"content":{"rendered":"\n<ul class=\"wp-block-list\"><li>&#8211; udzielanie porad prawnych dla wsp\u00f3lnik\u00f3w oraz cz\u0142onk\u00f3w zarz\u0105d\u00f3w sp\u00f3\u0142ek z o.o.,<\/li><\/ul>\n\n\n\n<ul class=\"wp-block-list\"><li>&#8211; sta\u0142a obs\u0142uga prawna sp\u00f3\u0142ek,<\/li><\/ul>\n\n\n\n<ul class=\"wp-block-list\"><li>&#8211; reprezentacja sp\u00f3\u0142ki z o.o. w post\u0119powaniu s\u0105dowym,<\/li><\/ul>\n\n\n\n<ul class=\"wp-block-list\"><li>&#8211; obrona cz\u0142onk\u00f3w zarz\u0105du sp\u00f3\u0142ki z o.o. przed dochodzeniem roszcze\u0144 przez wierzycieli sp\u00f3\u0142ki z o.o.,<\/li><\/ul>\n\n\n\n<ul class=\"wp-block-list\"><li>&#8211; przygotowywanie um\u00f3w zbycia b\u0105d\u017a nabycia udzia\u0142\u00f3w w sp\u00f3\u0142kach \u2013 przeniesienie maj\u0105tku sp\u00f3\u0142ki,<\/li><\/ul>\n\n\n\n<ul class=\"wp-block-list\"><li>&#8211; powiernicze nabycie udzia\u0142\u00f3w,<\/li><\/ul>\n\n\n\n<ul class=\"wp-block-list\"><li>&#8211; uchylenie, uniewa\u017cnienie uchwa\u0142 wsp\u00f3lnik\u00f3w,<\/li><\/ul>\n\n\n\n<ul class=\"wp-block-list\"><li>&#8211; kompleksowa organizacja i prowadzenie walnych zgromadze\u0144      sp\u00f3\u0142ki z o.o. w tym sporz\u0105dzanie protoko\u0142\u00f3w ze zwyczajnych i nadzwyczajnych zgromadze\u0144 wsp\u00f3lnik\u00f3w,<\/li><\/ul>\n\n\n\n<ul class=\"wp-block-list\"><li>&#8211; udzia\u0142 w negocjacjach oraz opracowywanie porozumie\u0144, przygotowywanie i opiniowanie um\u00f3w z zakresu prawa handlowego.<\/li><\/ul>\n\n\n\n<figure class=\"wp-block-image\"><img loading=\"lazy\" decoding=\"async\" width=\"1024\" height=\"683\" src=\"https:\/\/radca-jwyr.nazwa.pl\/wordpress\/wpn_radca-jwyr\/wp-content\/uploads\/2019\/01\/business-1989126_1920-1024x683.jpg\" alt=\"\" class=\"wp-image-493\" srcset=\"https:\/\/radca.opole.pl\/wp-content\/uploads\/2019\/01\/business-1989126_1920-1024x683.jpg 1024w, https:\/\/radca.opole.pl\/wp-content\/uploads\/2019\/01\/business-1989126_1920-300x200.jpg 300w, https:\/\/radca.opole.pl\/wp-content\/uploads\/2019\/01\/business-1989126_1920-768x512.jpg 768w, https:\/\/radca.opole.pl\/wp-content\/uploads\/2019\/01\/business-1989126_1920.jpg 1920w\" sizes=\"auto, (max-width: 1024px) 100vw, 1024px\" \/><\/figure>\n","protected":false},"excerpt":{"rendered":"<p>&#8211; udzielanie porad prawnych dla wsp\u00f3lnik\u00f3w oraz cz\u0142onk\u00f3w zarz\u0105d\u00f3w sp\u00f3\u0142ek z o.o., &#8211; sta\u0142a obs\u0142uga prawna sp\u00f3\u0142ek, &#8211; reprezentacja sp\u00f3\u0142ki [&hellip;]<\/p>\n","protected":false},"author":1,"featured_media":0,"parent":0,"menu_order":0,"comment_status":"closed","ping_status":"closed","template":"","meta":{"footnotes":""},"class_list":["post-322","page","type-page","status-publish","hentry"],"_links":{"self":[{"href":"https:\/\/radca.opole.pl\/index.php\/wp-json\/wp\/v2\/pages\/322","targetHints":{"allow":["GET"]}}],"collection":[{"href":"https:\/\/radca.opole.pl\/index.php\/wp-json\/wp\/v2\/pages"}],"about":[{"href":"https:\/\/radca.opole.pl\/index.php\/wp-json\/wp\/v2\/types\/page"}],"author":[{"embeddable":true,"href":"https:\/\/radca.opole.pl\/index.php\/wp-json\/wp\/v2\/users\/1"}],"replies":[{"embeddable":true,"href":"https:\/\/radca.opole.pl\/index.php\/wp-json\/wp\/v2\/comments?post=322"}],"version-history":[{"count":10,"href":"https:\/\/radca.opole.pl\/index.php\/wp-json\/wp\/v2\/pages\/322\/revisions"}],"predecessor-version":[{"id":608,"href":"https:\/\/radca.opole.pl\/index.php\/wp-json\/wp\/v2\/pages\/322\/revisions\/608"}],"wp:attachment":[{"href":"https:\/\/radca.opole.pl\/index.php\/wp-json\/wp\/v2\/media?parent=322"}],"curies":[{"name":"wp","href":"https:\/\/api.w.org\/{rel}","templated":true}]}}