{"id":292,"date":"2019-01-10T19:45:59","date_gmt":"2019-01-10T18:45:59","guid":{"rendered":"https:\/\/radca-jwyr.nazwa.pl\/wordpress\/wpn_radca-jwyr\/?page_id=292"},"modified":"2019-03-18T18:23:10","modified_gmt":"2019-03-18T17:23:10","slug":"prawo-rodzinne","status":"publish","type":"page","link":"https:\/\/radca.opole.pl\/index.php\/prawo-rodzinne\/","title":{"rendered":"Prawo rodzinne"},"content":{"rendered":"\n<p class=\"has-drop-cap has-medium-font-size\">Kancelaria Radcy Prawnego Joanny Wro\u0144skiej \u015bwiadczy swoim klientom pomoc prawn\u0105 r\u00f3wnie\u017c w zakresie prawa rodzinnego. Zakres us\u0142ugi obejmuje m.in.: sprawy o rozw\u00f3d, sprawy o separacj\u0119, sprawy o uniewa\u017cnienie ma\u0142\u017ce\u0144stwa, sprawy o alimenty, zniesienie wsp\u00f3\u0142w\u0142asno\u015bci maj\u0105tkowej mi\u0119dzy ma\u0142\u017conkami, sprawy o podzia\u0142 maj\u0105tku wsp\u00f3lnego po ustaniu wsp\u00f3lno\u015bci mi\u0119dzy ma\u0142\u017conkami.<\/p>\n\n\n\n<figure class=\"wp-block-image is-resized\"><img loading=\"lazy\" decoding=\"async\" src=\"https:\/\/radca-jwyr.nazwa.pl\/wordpress\/wpn_radca-jwyr\/wp-content\/uploads\/2019\/01\/connected-1327191_1280-1024x682.jpg\" alt=\"\" class=\"wp-image-494\" width=\"512\" height=\"341\" srcset=\"https:\/\/radca.opole.pl\/wp-content\/uploads\/2019\/01\/connected-1327191_1280-1024x682.jpg 1024w, https:\/\/radca.opole.pl\/wp-content\/uploads\/2019\/01\/connected-1327191_1280-300x200.jpg 300w, https:\/\/radca.opole.pl\/wp-content\/uploads\/2019\/01\/connected-1327191_1280-768x512.jpg 768w, https:\/\/radca.opole.pl\/wp-content\/uploads\/2019\/01\/connected-1327191_1280.jpg 1280w\" sizes=\"auto, (max-width: 512px) 100vw, 512px\" \/><\/figure>\n","protected":false},"excerpt":{"rendered":"<p>Kancelaria Radcy Prawnego Joanny Wro\u0144skiej \u015bwiadczy swoim klientom pomoc prawn\u0105 r\u00f3wnie\u017c w zakresie prawa rodzinnego. Zakres us\u0142ugi obejmuje m.in.: sprawy [&hellip;]<\/p>\n","protected":false},"author":1,"featured_media":0,"parent":0,"menu_order":0,"comment_status":"closed","ping_status":"closed","template":"","meta":{"footnotes":""},"class_list":["post-292","page","type-page","status-publish","hentry"],"_links":{"self":[{"href":"https:\/\/radca.opole.pl\/index.php\/wp-json\/wp\/v2\/pages\/292","targetHints":{"allow":["GET"]}}],"collection":[{"href":"https:\/\/radca.opole.pl\/index.php\/wp-json\/wp\/v2\/pages"}],"about":[{"href":"https:\/\/radca.opole.pl\/index.php\/wp-json\/wp\/v2\/types\/page"}],"author":[{"embeddable":true,"href":"https:\/\/radca.opole.pl\/index.php\/wp-json\/wp\/v2\/users\/1"}],"replies":[{"embeddable":true,"href":"https:\/\/radca.opole.pl\/index.php\/wp-json\/wp\/v2\/comments?post=292"}],"version-history":[{"count":8,"href":"https:\/\/radca.opole.pl\/index.php\/wp-json\/wp\/v2\/pages\/292\/revisions"}],"predecessor-version":[{"id":746,"href":"https:\/\/radca.opole.pl\/index.php\/wp-json\/wp\/v2\/pages\/292\/revisions\/746"}],"wp:attachment":[{"href":"https:\/\/radca.opole.pl\/index.php\/wp-json\/wp\/v2\/media?parent=292"}],"curies":[{"name":"wp","href":"https:\/\/api.w.org\/{rel}","templated":true}]}}