{"id":285,"date":"2019-01-10T19:43:12","date_gmt":"2019-01-10T18:43:12","guid":{"rendered":"https:\/\/radca-jwyr.nazwa.pl\/wordpress\/wpn_radca-jwyr\/?page_id=285"},"modified":"2019-03-18T18:19:15","modified_gmt":"2019-03-18T17:19:15","slug":"prawo-spadkowe","status":"publish","type":"page","link":"https:\/\/radca.opole.pl\/index.php\/prawo-spadkowe\/","title":{"rendered":"Prawo spadkowe"},"content":{"rendered":"\n<p class=\"has-drop-cap has-medium-font-size\">W ramach prawa spadkowego Kancelaria Radcy Prawnego Joanny Wro\u0144skiej reprezentuje klienta we wszystkich etapach post\u0119powania zwi\u0105zanego z nabyciem spadku.  Zakres us\u0142ugi obejmuje: doradztwo w zakresie przyj\u0119cia b\u0105d\u017a odrzucenia spadku, przeprowadzenie post\u0119powania o stwierdzenie nabycia spadku, przeprowadzenie post\u0119powania o dzia\u0142 spadku, ujawnienie w ksi\u0119dze wieczystej zmian w\u0142asno\u015bciowych zwi\u0105zanych z przeprowadzonym post\u0119powaniem spadkowym, reprezentowanie wnioskodawc\u00f3w i uczestnik\u00f3w w post\u0119powaniu s\u0105dowym, roszczenia o zachowek.<\/p>\n\n\n\n<figure class=\"wp-block-image\"><img loading=\"lazy\" decoding=\"async\" width=\"1024\" height=\"683\" src=\"https:\/\/radca-jwyr.nazwa.pl\/wordpress\/wpn_radca-jwyr\/wp-content\/uploads\/2019\/01\/adult-business-businessman-1061588-1024x683.jpg\" alt=\"\" class=\"wp-image-344\" srcset=\"https:\/\/radca.opole.pl\/wp-content\/uploads\/2019\/01\/adult-business-businessman-1061588-1024x683.jpg 1024w, https:\/\/radca.opole.pl\/wp-content\/uploads\/2019\/01\/adult-business-businessman-1061588-300x200.jpg 300w, https:\/\/radca.opole.pl\/wp-content\/uploads\/2019\/01\/adult-business-businessman-1061588-768x512.jpg 768w\" sizes=\"auto, (max-width: 1024px) 100vw, 1024px\" \/><\/figure>\n","protected":false},"excerpt":{"rendered":"<p>W ramach prawa spadkowego Kancelaria Radcy Prawnego Joanny Wro\u0144skiej reprezentuje klienta we wszystkich etapach post\u0119powania zwi\u0105zanego z nabyciem spadku. Zakres [&hellip;]<\/p>\n","protected":false},"author":1,"featured_media":0,"parent":0,"menu_order":0,"comment_status":"closed","ping_status":"closed","template":"","meta":{"footnotes":""},"class_list":["post-285","page","type-page","status-publish","hentry"],"_links":{"self":[{"href":"https:\/\/radca.opole.pl\/index.php\/wp-json\/wp\/v2\/pages\/285","targetHints":{"allow":["GET"]}}],"collection":[{"href":"https:\/\/radca.opole.pl\/index.php\/wp-json\/wp\/v2\/pages"}],"about":[{"href":"https:\/\/radca.opole.pl\/index.php\/wp-json\/wp\/v2\/types\/page"}],"author":[{"embeddable":true,"href":"https:\/\/radca.opole.pl\/index.php\/wp-json\/wp\/v2\/users\/1"}],"replies":[{"embeddable":true,"href":"https:\/\/radca.opole.pl\/index.php\/wp-json\/wp\/v2\/comments?post=285"}],"version-history":[{"count":6,"href":"https:\/\/radca.opole.pl\/index.php\/wp-json\/wp\/v2\/pages\/285\/revisions"}],"predecessor-version":[{"id":747,"href":"https:\/\/radca.opole.pl\/index.php\/wp-json\/wp\/v2\/pages\/285\/revisions\/747"}],"wp:attachment":[{"href":"https:\/\/radca.opole.pl\/index.php\/wp-json\/wp\/v2\/media?parent=285"}],"curies":[{"name":"wp","href":"https:\/\/api.w.org\/{rel}","templated":true}]}}