{"id":282,"date":"2019-01-10T19:42:15","date_gmt":"2019-01-10T18:42:15","guid":{"rendered":"https:\/\/radca-jwyr.nazwa.pl\/wordpress\/wpn_radca-jwyr\/?page_id=282"},"modified":"2019-03-18T18:26:44","modified_gmt":"2019-03-18T17:26:44","slug":"prawo-cywilne","status":"publish","type":"page","link":"https:\/\/radca.opole.pl\/index.php\/prawo-cywilne\/","title":{"rendered":"Prawo cywilne"},"content":{"rendered":"\n<p class=\"has-medium-font-size\">    Kancelaria Radcy Prawnego Joanny Wro\u0144skiej w ramach prawa cywilnego oferuje m.in. nast\u0119puj\u0105ce us\u0142ugi: zwi\u0105zane z prawem w\u0142asno\u015bci, w tym z nabywaniem i zbywaniem nieruchomo\u015bci, zniesienia wsp\u00f3\u0142w\u0142asno\u015bci, ustanowienia s\u0142u\u017cebno\u015bci przesy\u0142u, pow\u00f3dztwo o zaniechanie narusze\u0144 wraz z \u017c\u0105daniem zap\u0142aty za bezumowne korzystanie z nieruchomo\u015bci, dochodzenia odszkodowania i zado\u015b\u0107uczynienia, ochrony d\u00f3br osobisty.<\/p>\n\n\n\n<figure class=\"wp-block-image\"><img loading=\"lazy\" decoding=\"async\" width=\"1024\" height=\"639\" src=\"https:\/\/radca-jwyr.nazwa.pl\/wordpress\/wpn_radca-jwyr\/wp-content\/uploads\/2019\/01\/rawpixel-645286-unsplash-1024x639.jpg\" alt=\"\" class=\"wp-image-384\" srcset=\"https:\/\/radca.opole.pl\/wp-content\/uploads\/2019\/01\/rawpixel-645286-unsplash-1024x639.jpg 1024w, https:\/\/radca.opole.pl\/wp-content\/uploads\/2019\/01\/rawpixel-645286-unsplash-300x187.jpg 300w, https:\/\/radca.opole.pl\/wp-content\/uploads\/2019\/01\/rawpixel-645286-unsplash-768x479.jpg 768w\" sizes=\"auto, (max-width: 1024px) 100vw, 1024px\" \/><\/figure>\n","protected":false},"excerpt":{"rendered":"<p>Kancelaria Radcy Prawnego Joanny Wro\u0144skiej w ramach prawa cywilnego oferuje m.in. nast\u0119puj\u0105ce us\u0142ugi: zwi\u0105zane z prawem w\u0142asno\u015bci, w tym z [&hellip;]<\/p>\n","protected":false},"author":1,"featured_media":0,"parent":0,"menu_order":0,"comment_status":"closed","ping_status":"closed","template":"","meta":{"footnotes":""},"class_list":["post-282","page","type-page","status-publish","hentry"],"_links":{"self":[{"href":"https:\/\/radca.opole.pl\/index.php\/wp-json\/wp\/v2\/pages\/282","targetHints":{"allow":["GET"]}}],"collection":[{"href":"https:\/\/radca.opole.pl\/index.php\/wp-json\/wp\/v2\/pages"}],"about":[{"href":"https:\/\/radca.opole.pl\/index.php\/wp-json\/wp\/v2\/types\/page"}],"author":[{"embeddable":true,"href":"https:\/\/radca.opole.pl\/index.php\/wp-json\/wp\/v2\/users\/1"}],"replies":[{"embeddable":true,"href":"https:\/\/radca.opole.pl\/index.php\/wp-json\/wp\/v2\/comments?post=282"}],"version-history":[{"count":7,"href":"https:\/\/radca.opole.pl\/index.php\/wp-json\/wp\/v2\/pages\/282\/revisions"}],"predecessor-version":[{"id":738,"href":"https:\/\/radca.opole.pl\/index.php\/wp-json\/wp\/v2\/pages\/282\/revisions\/738"}],"wp:attachment":[{"href":"https:\/\/radca.opole.pl\/index.php\/wp-json\/wp\/v2\/media?parent=282"}],"curies":[{"name":"wp","href":"https:\/\/api.w.org\/{rel}","templated":true}]}}